{"id":438,"date":"2026-01-09T10:24:53","date_gmt":"2026-01-09T09:24:53","guid":{"rendered":"https:\/\/www.holter-internisten.de\/cms\/?page_id=438"},"modified":"2026-04-02T11:44:57","modified_gmt":"2026-04-02T09:44:57","slug":"sonographie","status":"publish","type":"page","link":"https:\/\/www.holter-internisten.de\/cms\/sonographie\/","title":{"rendered":"Sonographie"},"content":{"rendered":"\t\t<div data-elementor-type=\"wp-page\" data-elementor-id=\"438\" class=\"elementor elementor-438\">\n\t\t\t\t<div class=\"elementor-element elementor-element-337d892 e-flex e-con-boxed e-con e-parent\" data-id=\"337d892\" data-element_type=\"container\">\n\t\t\t\t\t<div class=\"e-con-inner\">\n\t\t<div class=\"elementor-element elementor-element-7f871a7 e-con-full e-flex e-con e-child\" data-id=\"7f871a7\" data-element_type=\"container\">\n\t\t\t\t<div class=\"elementor-element elementor-element-9b18e0d elementor-widget elementor-widget-image\" data-id=\"9b18e0d\" data-element_type=\"widget\" data-widget_type=\"image.default\">\n\t\t\t\t<div class=\"elementor-widget-container\">\n\t\t\t\t\t\t\t\t\t\t\t\t\t\t\t<img decoding=\"async\" width=\"229\" height=\"55\" src=\"https:\/\/www.holter-internisten.de\/cms\/wp-content\/uploads\/2024\/05\/logo.png\" class=\"attachment-full size-full wp-image-191\" alt=\"\" \/>\t\t\t\t\t\t\t\t\t\t\t\t\t\t\t<\/div>\n\t\t\t\t<\/div>\n\t\t\t\t<\/div>\n\t\t<div class=\"elementor-element elementor-element-b42d60a e-con-full e-flex e-con e-child\" data-id=\"b42d60a\" data-element_type=\"container\">\n\t\t\t\t<div class=\"elementor-element elementor-element-4828f75 elementor-widget elementor-widget-maxmegamenu\" data-id=\"4828f75\" data-element_type=\"widget\" data-widget_type=\"maxmegamenu.default\">\n\t\t\t\t<div class=\"elementor-widget-container\">\n\t\t\t\t\t<div id=\"mega-menu-wrap-menu-1\" class=\"mega-menu-wrap\"><div class=\"mega-menu-toggle\"><div class=\"mega-toggle-blocks-left\"><\/div><div class=\"mega-toggle-blocks-center\"><\/div><div class=\"mega-toggle-blocks-right\"><div class='mega-toggle-block mega-menu-toggle-animated-block mega-toggle-block-1' id='mega-toggle-block-1'><button aria-label=\"Men\u00fc\" class=\"mega-toggle-animated mega-toggle-animated-slider\" type=\"button\" aria-expanded=\"false\">\n                  <span class=\"mega-toggle-animated-box\">\n                    <span class=\"mega-toggle-animated-inner\"><\/span>\n                  <\/span>\n                <\/button><\/div><\/div><\/div><ul id=\"mega-menu-menu-1\" class=\"mega-menu max-mega-menu mega-menu-horizontal mega-no-js\" data-event=\"hover_intent\" data-effect=\"fade_up\" data-effect-speed=\"200\" data-effect-mobile=\"slide_right\" data-effect-speed-mobile=\"200\" data-mobile-force-width=\"false\" data-second-click=\"go\" data-document-click=\"collapse\" data-vertical-behaviour=\"accordion\" data-breakpoint=\"768\" data-unbind=\"true\" data-mobile-state=\"collapse_all\" data-mobile-direction=\"vertical\" data-hover-intent-timeout=\"300\" data-hover-intent-interval=\"100\"><li class=\"mega-menu-item mega-menu-item-type-post_type mega-menu-item-object-page mega-menu-item-home mega-align-bottom-left mega-menu-flyout mega-menu-item-68\" id=\"mega-menu-item-68\"><a class=\"mega-menu-link\" href=\"https:\/\/www.holter-internisten.de\/cms\/\" tabindex=\"0\">Home<\/a><\/li><li class=\"mega-menu-item mega-menu-item-type-custom mega-menu-item-object-custom mega-menu-item-has-children mega-align-bottom-left mega-menu-flyout mega-menu-item-96\" id=\"mega-menu-item-96\"><a class=\"mega-menu-link\" href=\"#\" aria-expanded=\"false\" tabindex=\"0\">Leistungen<span class=\"mega-indicator\" aria-hidden=\"true\"><\/span><\/a>\n<ul class=\"mega-sub-menu\">\n<li class=\"mega-menu-item mega-menu-item-type-post_type mega-menu-item-object-page mega-menu-item-453\" id=\"mega-menu-item-453\"><a class=\"mega-menu-link\" href=\"https:\/\/www.holter-internisten.de\/cms\/gastroenterologie\/\">Gastroenterologie<br>CED Schwerpunktpraxis<\/a><\/li><li class=\"mega-menu-item mega-menu-item-type-post_type mega-menu-item-object-page mega-menu-item-452\" id=\"mega-menu-item-452\"><a class=\"mega-menu-link\" href=\"https:\/\/www.holter-internisten.de\/cms\/kardiologie\/\">Kardiologie<\/a><\/li><li class=\"mega-menu-item mega-menu-item-type-post_type mega-menu-item-object-page mega-menu-item-451\" id=\"mega-menu-item-451\"><a class=\"mega-menu-link\" href=\"https:\/\/www.holter-internisten.de\/cms\/nephrologie\/\">Nephrologie und Hypertensiologie<\/a><\/li><li class=\"mega-menu-item mega-menu-item-type-post_type mega-menu-item-object-page mega-menu-item-450\" id=\"mega-menu-item-450\"><a class=\"mega-menu-link\" href=\"https:\/\/www.holter-internisten.de\/cms\/sonographie\/\">Sonographie<\/a><\/li><li class=\"mega-menu-item mega-menu-item-type-post_type mega-menu-item-object-page mega-menu-item-455\" id=\"mega-menu-item-455\"><a class=\"mega-menu-link\" href=\"https:\/\/www.holter-internisten.de\/cms\/hausaerztliche-versorgung\/\">Haus\u00e4rztliche Versorgung\/Vorsorge<br>Palliativmedizinische Versorgung<\/a><\/li><\/ul>\n<\/li><li class=\"mega-menu-item mega-menu-item-type-post_type mega-menu-item-object-page mega-align-bottom-left mega-menu-flyout mega-menu-item-476\" id=\"mega-menu-item-476\"><a class=\"mega-menu-link\" href=\"https:\/\/www.holter-internisten.de\/cms\/dialyse\/\" tabindex=\"0\">Dialyse<\/a><\/li><li class=\"mega-menu-item mega-menu-item-type-post_type mega-menu-item-object-page mega-align-bottom-left mega-menu-flyout mega-menu-item-475\" id=\"mega-menu-item-475\"><a class=\"mega-menu-link\" href=\"https:\/\/www.holter-internisten.de\/cms\/endoskopie\/\" tabindex=\"0\">Endoskopie<\/a><\/li><li class=\"mega-menu-item mega-menu-item-type-custom mega-menu-item-object-custom mega-menu-item-has-children mega-align-bottom-left mega-menu-flyout mega-menu-item-97\" id=\"mega-menu-item-97\"><a class=\"mega-menu-link\" href=\"#\" aria-expanded=\"false\" tabindex=\"0\">Praxis<span class=\"mega-indicator\" aria-hidden=\"true\"><\/span><\/a>\n<ul class=\"mega-sub-menu\">\n<li class=\"mega-menu-item mega-menu-item-type-post_type mega-menu-item-object-page mega-menu-item-519\" id=\"mega-menu-item-519\"><a class=\"mega-menu-link\" href=\"https:\/\/www.holter-internisten.de\/cms\/dr-med-hendrik-pleuger\/\">Dr. med. Hendrik Pleuger<\/a><\/li><li class=\"mega-menu-item mega-menu-item-type-post_type mega-menu-item-object-page mega-menu-item-518\" id=\"mega-menu-item-518\"><a class=\"mega-menu-link\" href=\"https:\/\/www.holter-internisten.de\/cms\/dr-med-tobias-kochsiek\/\">Dr. med. Tobias Kochsiek<\/a><\/li><li class=\"mega-menu-item mega-menu-item-type-post_type mega-menu-item-object-page mega-menu-item-549\" id=\"mega-menu-item-549\"><a class=\"mega-menu-link\" href=\"https:\/\/www.holter-internisten.de\/cms\/ute-wilbert\/\">Ute Wilbert<\/a><\/li><li class=\"mega-menu-item mega-menu-item-type-post_type mega-menu-item-object-page mega-menu-item-548\" id=\"mega-menu-item-548\"><a class=\"mega-menu-link\" href=\"https:\/\/www.holter-internisten.de\/cms\/dr-med-andrea-grosseschallau\/\">Dr. med. Andrea Gro\u00dfeschallau<\/a><\/li><li class=\"mega-menu-item mega-menu-item-type-post_type mega-menu-item-object-page mega-menu-item-474\" id=\"mega-menu-item-474\"><a class=\"mega-menu-link\" href=\"https:\/\/www.holter-internisten.de\/cms\/praxis\/\">Praxis<\/a><\/li><\/ul>\n<\/li><li class=\"mega-menu-item mega-menu-item-type-custom mega-menu-item-object-custom mega-menu-item-has-children mega-align-bottom-left mega-menu-flyout mega-menu-item-99\" id=\"mega-menu-item-99\"><a class=\"mega-menu-link\" href=\"#\" aria-expanded=\"false\" tabindex=\"0\">Stellen<span class=\"mega-indicator\" aria-hidden=\"true\"><\/span><\/a>\n<ul class=\"mega-sub-menu\">\n<li class=\"mega-menu-item mega-menu-item-type-post_type mega-menu-item-object-page mega-menu-item-489\" id=\"mega-menu-item-489\"><a class=\"mega-menu-link\" href=\"https:\/\/www.holter-internisten.de\/cms\/stellenangebote-aerztliche-mitarbeiterinnen-und-mitarbeiter\/\">Arzt\/\u00c4rztin<\/a><\/li><li class=\"mega-menu-item mega-menu-item-type-post_type mega-menu-item-object-page mega-menu-item-488\" id=\"mega-menu-item-488\"><a class=\"mega-menu-link\" href=\"https:\/\/www.holter-internisten.de\/cms\/stellenangebote-medizinisches-fachpersonal\/\">Medizinisches Fachpersonal<\/a><\/li><\/ul>\n<\/li><li class=\"mega-menu-item mega-menu-item-type-custom mega-menu-item-object-custom mega-menu-item-has-children mega-align-bottom-left mega-menu-flyout mega-menu-item-98\" id=\"mega-menu-item-98\"><a class=\"mega-menu-link\" href=\"#\" aria-expanded=\"false\" tabindex=\"0\">Kontakt<span class=\"mega-indicator\" aria-hidden=\"true\"><\/span><\/a>\n<ul class=\"mega-sub-menu\">\n<li class=\"mega-menu-item mega-menu-item-type-post_type mega-menu-item-object-page mega-menu-item-568\" id=\"mega-menu-item-568\"><a class=\"mega-menu-link\" href=\"https:\/\/www.holter-internisten.de\/cms\/kontaktdaten\/\">Kontaktdaten<\/a><\/li><li class=\"mega-menu-item mega-menu-item-type-post_type mega-menu-item-object-page mega-menu-item-611\" id=\"mega-menu-item-611\"><a class=\"mega-menu-link\" href=\"https:\/\/www.holter-internisten.de\/cms\/rezeptbestellung\/\">Rezeptbestellung<\/a><\/li><\/ul>\n<\/li><li class=\"mega-menu-item mega-menu-item-type-post_type mega-menu-item-object-page mega-align-bottom-left mega-menu-flyout mega-menu-item-454\" id=\"mega-menu-item-454\"><a class=\"mega-menu-link\" href=\"https:\/\/www.holter-internisten.de\/cms\/links\/\" tabindex=\"0\">Links<\/a><\/li><\/ul><button class='mega-close' aria-label='Close'><\/button><\/div>\t\t\t\t<\/div>\n\t\t\t\t<\/div>\n\t\t\t\t<\/div>\n\t\t\t\t\t<\/div>\n\t\t\t\t<\/div>\n\t\t<div class=\"elementor-element elementor-element-72783a4 e-flex e-con-boxed e-con e-parent\" data-id=\"72783a4\" data-element_type=\"container\">\n\t\t\t\t\t<div class=\"e-con-inner\">\n\t\t<div class=\"elementor-element elementor-element-c8f6614 e-con-full e-flex e-con e-child\" data-id=\"c8f6614\" data-element_type=\"container\" data-settings=\"{&quot;background_background&quot;:&quot;classic&quot;}\">\n\t\t\t\t<div class=\"elementor-element elementor-element-6fadcbe elementor-widget elementor-widget-image\" data-id=\"6fadcbe\" data-element_type=\"widget\" data-widget_type=\"image.default\">\n\t\t\t\t<div class=\"elementor-widget-container\">\n\t\t\t\t\t\t\t\t\t\t\t\t\t\t\t<img decoding=\"async\" src=\"https:\/\/www.holter-internisten.de\/cms\/wp-content\/uploads\/2026\/01\/sonographie.jpg\" title=\"sonographie\" alt=\"sonographie\" loading=\"lazy\" \/>\t\t\t\t\t\t\t\t\t\t\t\t\t\t\t<\/div>\n\t\t\t\t<\/div>\n\t\t\t\t<div class=\"elementor-element elementor-element-066ef24 elementor-widget elementor-widget-heading\" data-id=\"066ef24\" data-element_type=\"widget\" data-widget_type=\"heading.default\">\n\t\t\t\t<div class=\"elementor-widget-container\">\n\t\t\t\t\t<h2 class=\"elementor-heading-title elementor-size-default\">Sonographie<\/h2>\t\t\t\t<\/div>\n\t\t\t\t<\/div>\n\t\t\t\t<div class=\"elementor-element elementor-element-c65dda3 elementor-widget elementor-widget-text-editor\" data-id=\"c65dda3\" data-element_type=\"widget\" data-widget_type=\"text-editor.default\">\n\t\t\t\t<div class=\"elementor-widget-container\">\n\t\t\t\t\t\t\t\t\t<p>Die Sonographie ist eine Untersuchungs\u00admethode mittels Ultraschall zur Beurteilung z. B.<\/p><p>\u25b6 <strong>Bauchorgane<\/strong> (Leber, Nieren, Bauchspeicheldr\u00fcse, Bauchgef\u00e4\u00dfe etc.)<br \/>\u25b6 <strong>Schilddr\u00fcse<\/strong> (Gr\u00f6\u00dfe der Schilddr\u00fcse, Knotenbildung etc.)<br \/>\u25b6 <strong>Herzens (Echokardiographie)<\/strong> (Beurteilung der Herzgr\u00f6\u00dfe, Herzleistung, Herzklappen, Kontrolle nach Herzinfarkt etc.)<br \/>\u25b6 <strong>Gef\u00e4\u00dfe (Doppler- Douplexsonographie)<\/strong> (Einengung von Gef\u00e4\u00dfen, Kontrolle von Gerinnseln in Venen)<\/p>\t\t\t\t\t\t\t\t<\/div>\n\t\t\t\t<\/div>\n\t\t\t\t<div class=\"elementor-element elementor-element-49d9931 elementor-widget elementor-widget-spacer\" data-id=\"49d9931\" data-element_type=\"widget\" data-widget_type=\"spacer.default\">\n\t\t\t\t<div class=\"elementor-widget-container\">\n\t\t\t\t\t\t\t<div class=\"elementor-spacer\">\n\t\t\t<div class=\"elementor-spacer-inner\"><\/div>\n\t\t<\/div>\n\t\t\t\t\t\t<\/div>\n\t\t\t\t<\/div>\n\t\t\t\t<\/div>\n\t\t<div class=\"elementor-element elementor-element-3d1e94b e-con-full e-flex e-con e-child\" data-id=\"3d1e94b\" data-element_type=\"container\" data-settings=\"{&quot;background_background&quot;:&quot;classic&quot;}\">\n\t\t<div class=\"elementor-element elementor-element-35722b8 e-grid e-con-full e-con e-child\" data-id=\"35722b8\" data-element_type=\"container\">\n\t\t\t\t<div class=\"elementor-element elementor-element-bc88938 elementor-widget elementor-widget-sidebar\" data-id=\"bc88938\" data-element_type=\"widget\" data-widget_type=\"sidebar.default\">\n\t\t\t\t<div class=\"elementor-widget-container\">\n\t\t\t\t\t\t\t\t<div class=\"textwidget\"><div>\n<p style=\"font-family: var( --e-global-typography-text-font-family ), Sans-serif; font-weight: var( --e-global-typography-text-font-weight ); margin: 0px;\"><strong><span class=\"fett\">MVZ Holter Internisten GmbH<\/span><\/strong><br \/>\n<strong>Bahnhofstra\u00dfe 59<\/strong><br \/>\n<strong>33758 Schlo\u00df Holte-Stukenbrock<\/strong><\/p>\n<p>&nbsp;<\/p>\n<table cellspacing=\"0\" cellpadding=\"0\">\n<tbody>\n<tr>\n<td>\n<p style=\"font-family: var( --e-global-typography-text-font-family ), Sans-serif; font-weight: var( --e-global-typography-text-font-weight ); margin: 0px;\">Telefon<\/p>\n<\/td>\n<td><\/td>\n<td>\n<p style=\"font-family: var( --e-global-typography-text-font-family ), Sans-serif; font-weight: var( --e-global-typography-text-font-weight ); margin: 0px;\">05207\/91 91 0<\/p>\n<\/td>\n<\/tr>\n<tr>\n<td>\n<p style=\"font-family: var( --e-global-typography-text-font-family ), Sans-serif; font-weight: var( --e-global-typography-text-font-weight ); margin: 0px;\">Fax<\/p>\n<\/td>\n<td><\/td>\n<td>\n<p style=\"font-family: var( --e-global-typography-text-font-family ), Sans-serif; font-weight: var( --e-global-typography-text-font-weight ); margin: 0px;\">05207\/91 93 29<\/p>\n<\/td>\n<\/tr>\n<tr>\n<td>\n<p style=\"font-family: var( --e-global-typography-text-font-family ), Sans-serif; font-weight: var( --e-global-typography-text-font-weight ); margin: 0px;\">Tel. Dialyse<\/p>\n<\/td>\n<td><\/td>\n<td>\n<p style=\"font-family: var( --e-global-typography-text-font-family ), Sans-serif; font-weight: var( --e-global-typography-text-font-weight ); margin: 0px;\">05207\/91 91 41<\/p>\n<\/td>\n<\/tr>\n<tr>\n<td>\n<p style=\"font-family: var( --e-global-typography-text-font-family ), Sans-serif; font-weight: var( --e-global-typography-text-font-weight ); margin: 0px;\">E-Mail<\/p>\n<\/td>\n<td><\/td>\n<td>\n<p style=\"font-family: var( --e-global-typography-text-font-family ), Sans-serif; font-weight: var( --e-global-typography-text-font-weight ); margin: 0px;\"><a class=\"mail\" href=\"mailto:info@holter-internisten.de\">info@holter-internisten.de<\/a><\/p>\n<\/td>\n<\/tr>\n<\/tbody>\n<\/table>\n<p>&nbsp;<\/p>\n<hr \/>\n<p>&nbsp;<\/p>\n<table cellspacing=\"0\" cellpadding=\"0\">\n<tbody>\n<tr>\n<td colspan=\"3\">\n<p style=\"font-family: var( --e-global-typography-text-font-family ), Sans-serif; font-weight: var( --e-global-typography-text-font-weight ); margin: 0px;\"><strong>Allgemeine Sprechzeiten<\/strong><\/p>\n<\/td>\n<\/tr>\n<tr>\n<td>\n<p style=\"font-family: var( --e-global-typography-text-font-family ), Sans-serif; font-weight: var( --e-global-typography-text-font-weight ); margin: 0px;\">Mo. &#8211; Fr.<\/p>\n<\/td>\n<td><\/td>\n<td>\n<p style=\"font-family: var( --e-global-typography-text-font-family ), Sans-serif; font-weight: var( --e-global-typography-text-font-weight ); margin: 0px;\">08.00 \u2013 12.00 Uhr<\/p>\n<\/td>\n<\/tr>\n<tr>\n<td>\n<p style=\"font-family: var( --e-global-typography-text-font-family ), Sans-serif; font-weight: var( --e-global-typography-text-font-weight ); margin: 0px;\">Mo. &amp; Mi.<\/p>\n<\/td>\n<td><\/td>\n<td>\n<p style=\"font-family: var( --e-global-typography-text-font-family ), Sans-serif; font-weight: var( --e-global-typography-text-font-weight ); margin: 0px;\">15.30 \u2013 18.00 Uhr<\/p>\n<\/td>\n<\/tr>\n<\/tbody>\n<\/table>\n<p>&nbsp;<\/p>\n<\/div>\n<div>\n<\/div>\n<div style=\"padding-top: 20px; padding-bottom: 4px; margin-left: -20px; margin-right: -20px; background-color: #e6d4d4; font-family: var( --e-global-typography-text-font-family ), Sans-serif; font-weight: var( --e-global-typography-text-font-weight ); border-top: 1px solid #717171; border-bottom: 1px solid #717171;\">\n<p style=\"margin-left: 20px; margin-right: 20px;\"><a href=\"https:\/\/www.holter-internisten.de\/cms\/rezeptbestellung\/\"><img decoding=\"async\" class=\"emoji\" role=\"img\" draggable=\"false\" src=\"https:\/\/s.w.org\/images\/core\/emoji\/17.0.2\/svg\/25b6.svg\" alt=\"\u25b6\" \/> Rezeptbestellung<\/a><\/p>\n<\/div>\n<\/div>\n\t\t\t\t\t\t<\/div>\n\t\t\t\t<\/div>\n\t\t\t\t<\/div>\n\t\t\t\t<\/div>\n\t\t\t\t\t<\/div>\n\t\t\t\t<\/div>\n\t\t<div class=\"elementor-element elementor-element-38cc10c e-grid e-con-boxed e-con e-parent\" data-id=\"38cc10c\" data-element_type=\"container\">\n\t\t\t\t\t<div class=\"e-con-inner\">\n\t\t\t\t<div class=\"elementor-element elementor-element-57407ca elementor-widget elementor-widget-sidebar\" data-id=\"57407ca\" data-element_type=\"widget\" data-widget_type=\"sidebar.default\">\n\t\t\t\t<div class=\"elementor-widget-container\">\n\t\t\t\t\t\t\t\t<div class=\"textwidget\"><p style=\"color: #ccc; font-family: var( --e-global-typography-text-font-family ), Sans-serif; font-weight: var( --e-global-typography-text-font-weight ); margin: 0px;\">\u00a9 MVZ Holter Internisten GmbH 2026\u00a0\u00a0\u00a0<a class=\"impressum\" style=\"color: #ffffff;\" href=\"https:\/\/www.holter-internisten.de\/cms\/impressum\/\">Impressum <\/a>\u00a0\u00a0\u00a0<a class=\"impressum\" style=\"color: #ffffff;\" href=\"https:\/\/www.holter-internisten.de\/cms\/datenschutz\/\">Datenschutz<\/a><\/p>\n<\/div>\n\t\t\t\t\t\t<\/div>\n\t\t\t\t<\/div>\n\t\t\t\t\t<\/div>\n\t\t\t\t<\/div>\n\t\t\t\t<\/div>\n\t\t","protected":false},"excerpt":{"rendered":"<p>Home Leistungen GastroenterologieCED Schwerpunktpraxis Kardiologie Nephrologie und Hypertensiologie Sonographie Haus\u00e4rztliche Versorgung\/VorsorgePalliativmedizinische Versorgung Dialyse Endoskopie Praxis Dr. med. Hendrik Pleuger Dr&#8230;.<\/p>\n","protected":false},"author":1,"featured_media":0,"parent":0,"menu_order":0,"comment_status":"closed","ping_status":"closed","template":"elementor_header_footer","meta":{"footnotes":""},"class_list":["post-438","page","type-page","status-publish","hentry"],"_links":{"self":[{"href":"https:\/\/www.holter-internisten.de\/cms\/wp-json\/wp\/v2\/pages\/438","targetHints":{"allow":["GET"]}}],"collection":[{"href":"https:\/\/www.holter-internisten.de\/cms\/wp-json\/wp\/v2\/pages"}],"about":[{"href":"https:\/\/www.holter-internisten.de\/cms\/wp-json\/wp\/v2\/types\/page"}],"author":[{"embeddable":true,"href":"https:\/\/www.holter-internisten.de\/cms\/wp-json\/wp\/v2\/users\/1"}],"replies":[{"embeddable":true,"href":"https:\/\/www.holter-internisten.de\/cms\/wp-json\/wp\/v2\/comments?post=438"}],"version-history":[{"count":10,"href":"https:\/\/www.holter-internisten.de\/cms\/wp-json\/wp\/v2\/pages\/438\/revisions"}],"predecessor-version":[{"id":726,"href":"https:\/\/www.holter-internisten.de\/cms\/wp-json\/wp\/v2\/pages\/438\/revisions\/726"}],"wp:attachment":[{"href":"https:\/\/www.holter-internisten.de\/cms\/wp-json\/wp\/v2\/media?parent=438"}],"curies":[{"name":"wp","href":"https:\/\/api.w.org\/{rel}","templated":true}]}}